{"id":1235,"date":"2018-08-16T19:44:22","date_gmt":"2018-08-16T19:44:22","guid":{"rendered":"http:\/\/programasmedicos.com.ar\/pm2018\/?page_id=1235"},"modified":"2018-08-23T15:22:04","modified_gmt":"2018-08-23T15:22:04","slug":"mision","status":"publish","type":"page","link":"http:\/\/programasmedicos.com.ar\/pm2018\/mision\/","title":{"rendered":"Misi\u00f3n"},"content":{"rendered":"<p>Nuestra misi\u00f3n es lograr que PM Programas M\u00e9dicos sea una instituci\u00f3n respeta dentro del campo de la salud y fuera del mismo. Respetada por su personal, prestadores, adherentes proveedores y competencia, en su zona geogr\u00e1fica de influencia.<br \/>\nUna instituci\u00f3n con Responsabilidad Social.<br \/>\nUna instituci\u00f3n que retribuya beneficios a todas sus partes constitutivas y mejore su calidad de vida.<br \/>\nUna instituci\u00f3n dedicada a promover programas de prevenci\u00f3n que involucren a todos.<\/p>\n","protected":false},"excerpt":{"rendered":"<p>Nuestra misi\u00f3n es lograr que PM Programas M\u00e9dicos sea una instituci\u00f3n respeta dentro del campo de la salud y fuera del mismo. Respetada por su personal, prestadores, adherentes proveedores y &#8230;<\/p>\n","protected":false},"author":1,"featured_media":1296,"parent":0,"menu_order":0,"comment_status":"closed","ping_status":"closed","template":"","meta":{"footnotes":""},"class_list":["post-1235","page","type-page","status-publish","has-post-thumbnail","hentry"],"_links":{"self":[{"href":"http:\/\/programasmedicos.com.ar\/pm2018\/wp-json\/wp\/v2\/pages\/1235","targetHints":{"allow":["GET"]}}],"collection":[{"href":"http:\/\/programasmedicos.com.ar\/pm2018\/wp-json\/wp\/v2\/pages"}],"about":[{"href":"http:\/\/programasmedicos.com.ar\/pm2018\/wp-json\/wp\/v2\/types\/page"}],"author":[{"embeddable":true,"href":"http:\/\/programasmedicos.com.ar\/pm2018\/wp-json\/wp\/v2\/users\/1"}],"replies":[{"embeddable":true,"href":"http:\/\/programasmedicos.com.ar\/pm2018\/wp-json\/wp\/v2\/comments?post=1235"}],"version-history":[{"count":4,"href":"http:\/\/programasmedicos.com.ar\/pm2018\/wp-json\/wp\/v2\/pages\/1235\/revisions"}],"predecessor-version":[{"id":1299,"href":"http:\/\/programasmedicos.com.ar\/pm2018\/wp-json\/wp\/v2\/pages\/1235\/revisions\/1299"}],"wp:featuredmedia":[{"embeddable":true,"href":"http:\/\/programasmedicos.com.ar\/pm2018\/wp-json\/wp\/v2\/media\/1296"}],"wp:attachment":[{"href":"http:\/\/programasmedicos.com.ar\/pm2018\/wp-json\/wp\/v2\/media?parent=1235"}],"curies":[{"name":"wp","href":"https:\/\/api.w.org\/{rel}","templated":true}]}}